{"id":7002,"date":"2025-06-04T23:25:11","date_gmt":"2025-06-04T21:25:11","guid":{"rendered":"https:\/\/yourparking.hu\/?post_type=product&#038;p=7002"},"modified":"2025-08-03T12:19:10","modified_gmt":"2025-08-03T10:19:10","slug":"yourparking-gateway","status":"publish","type":"product","link":"https:\/\/yourparking.hu\/en\/product\/yourparking-gateway\/","title":{"rendered":"Gateway"},"content":{"rendered":"<p>The device is capable of controlling multiple YourParking smart parking barrier products and communicating with several smart parking barriers simultaneously.<\/p>\n<p>It is suitable for managing multiple devices over a local network. The system can be operated via a user-friendly web interface accessible through a designated IP address.<\/p>\n<p>Its use is especially important in scenarios where multiple parking barriers need to be opened or closed simultaneously, or when someone wants to control several devices from a single interface. It is also ideal for replacing traditional barriers, allowing control (open\/close) of smart parking barriers from a single device.<\/p>\n<p>A YourParking Gateway az ig\u00e9nyelt b\u0151v\u00edt\u0151 k\u00e1rty\u00e1k sz\u00e1m\u00e1nak megfelel\u0151 eszk\u00f6zt k\u00e9pes vez\u00e9relni, \u00f6sszesen maxim\u00e1lisan 12 db-ot.<\/p>\n<h3><strong>Product specifications:<\/strong><\/h3>\n<p><strong>Weight:<\/strong> 1076 g<br \/>\n<strong>Dimensions:<\/strong> 177\u00d7260\u00d765 mm<br \/>\n<strong>Price (net):<\/strong> HUF 115,000 for the base unit + HUF 12,000 per channel<\/p>","protected":false},"excerpt":{"rendered":"<p>The device is capable of controlling multiple YourParking smart parking barrier products and communicating with several smart parking barriers simultaneously.<\/p>\n<p>It is suitable for managing multiple devices over a local network. The system can be operated via a user-friendly web interface accessible through a designated IP address.<\/p>\n<p>Its use is especially important in scenarios where multiple parking barriers need to be opened or closed simultaneously, or when someone wants to control several devices from a single interface. It is also ideal for replacing traditional barriers, allowing control (open\/close) of smart parking barriers from a single device.<\/p>\n<p>A YourParking Gateway az ig\u00e9nyelt b\u0151v\u00edt\u0151 k\u00e1rty\u00e1k sz\u00e1m\u00e1nak megfelel\u0151 eszk\u00f6zt k\u00e9pes vez\u00e9relni, \u00f6sszesen maxim\u00e1lisan 12 db-ot.<\/p>\n<h3><strong>Product specifications:<\/strong><\/h3>\n<p><strong>Weight:<\/strong> 1076 g<br \/>\n<strong>Dimensions:<\/strong> 177\u00d7260\u00d765 mm<br \/>\n<strong>Price (net):<\/strong> HUF 115,000 for the base unit + HUF 12,000 per channel<\/p>","protected":false},"featured_media":7020,"comment_status":"closed","ping_status":"closed","template":"","meta":{"_acf_changed":false},"product_brand":[147],"product_cat":[148,32,91],"product_tag":[127],"class_list":{"0":"post-7002","1":"product","2":"type-product","3":"status-publish","4":"has-post-thumbnail","6":"product_brand-yourparking","7":"product_cat-yourparking-termekek","8":"product_cat-termekek","10":"product_tag-kiegeszito-termek","12":"first","13":"instock","14":"taxable","15":"shipping-taxable","16":"purchasable","17":"product-type-simple"},"acf":[],"_links":{"self":[{"href":"https:\/\/yourparking.hu\/en\/wp-json\/wp\/v2\/product\/7002","targetHints":{"allow":["GET"]}}],"collection":[{"href":"https:\/\/yourparking.hu\/en\/wp-json\/wp\/v2\/product"}],"about":[{"href":"https:\/\/yourparking.hu\/en\/wp-json\/wp\/v2\/types\/product"}],"replies":[{"embeddable":true,"href":"https:\/\/yourparking.hu\/en\/wp-json\/wp\/v2\/comments?post=7002"}],"wp:featuredmedia":[{"embeddable":true,"href":"https:\/\/yourparking.hu\/en\/wp-json\/wp\/v2\/media\/7020"}],"wp:attachment":[{"href":"https:\/\/yourparking.hu\/en\/wp-json\/wp\/v2\/media?parent=7002"}],"wp:term":[{"taxonomy":"product_brand","embeddable":true,"href":"https:\/\/yourparking.hu\/en\/wp-json\/wp\/v2\/product_brand?post=7002"},{"taxonomy":"product_cat","embeddable":true,"href":"https:\/\/yourparking.hu\/en\/wp-json\/wp\/v2\/product_cat?post=7002"},{"taxonomy":"product_tag","embeddable":true,"href":"https:\/\/yourparking.hu\/en\/wp-json\/wp\/v2\/product_tag?post=7002"}],"curies":[{"name":"wp","href":"https:\/\/api.w.org\/{rel}","templated":true}]}}