{"id":426,"date":"2024-06-03T09:43:12","date_gmt":"2024-06-03T09:43:12","guid":{"rendered":"https:\/\/yourparking.hu\/?post_type=product&#038;p=426"},"modified":"2025-11-03T18:59:14","modified_gmt":"2025-11-03T16:59:14","slug":"yourparking-smart-parkolasgatlo","status":"publish","type":"product","link":"https:\/\/yourparking.hu\/en\/product\/yourparking-smart-parkolasgatlo\/","title":{"rendered":"Smart parking blocker"},"content":{"rendered":"<p>YourParking Smart is our flagship smart parking blocker. You can operate it via mobile app or remote control, so you never have to leave the comfort of your car. It's designed for community use, so you can share it with others via the YourParking mobile app. For free or in exchange for money.<\/p>\n<p>Amit a csomag tartalmaz megrendel\u00e9s eset\u00e9n:<\/p>\n<ul>\n<li><span class=\"a_GcMg font-feature-liga-off font-feature-clig-off font-feature-calt-off text-decoration-none text-strikethrough-none\">1 db YourParking Smart parkol\u00e1sg\u00e1tl\u00f3<\/span><\/li>\n<li><span class=\"a_GcMg font-feature-liga-off font-feature-clig-off font-feature-calt-off text-decoration-none text-strikethrough-none\">1 db <\/span><span class=\"a_GcMg font-feature-liga-off font-feature-clig-off font-feature-calt-off text-decoration-none text-strikethrough-none\">aj\u00e1nd\u00e9k<\/span> <span class=\"a_GcMg font-feature-liga-off font-feature-clig-off font-feature-calt-off text-decoration-none text-strikethrough-none\">t\u00e1vir\u00e1ny\u00edt\u00f3<\/span><\/li>\n<li><span class=\"a_GcMg font-feature-liga-off font-feature-clig-off font-feature-calt-off text-decoration-none text-strikethrough-none\">1 db kulcs a fed\u00e9lhez<\/span><\/li>\n<li><span class=\"a_GcMg font-feature-liga-off font-feature-clig-off font-feature-calt-off text-decoration-none text-strikethrough-none\">1 db gumi sz\u0151nyeg a parkol\u00e1sg\u00e1tl\u00f3 al\u00e1 zajcsillap\u00edt\u00e1s miatt<\/span><\/li>\n<li><span class=\"a_GcMg font-feature-liga-off font-feature-clig-off font-feature-calt-off text-decoration-none text-strikethrough-none\">1 db 2 mm vastag hangtomp\u00edt\u00f3 szivacs<\/span><\/li>\n<li><span class=\"a_GcMg font-feature-liga-off font-feature-clig-off font-feature-calt-off text-decoration-none text-strikethrough-none\">1\u00d74 db csavar-al\u00e1t\u00e9t-tipli a talajhoz val\u00f3 r\u00f6gz\u00edt\u00e9shez<\/span><\/li>\n<li><span class=\"a_GcMg font-feature-liga-off font-feature-clig-off font-feature-calt-off text-decoration-none text-strikethrough-none\">1 db akkumul\u00e1tor<\/span><\/li>\n<\/ul>","protected":false},"excerpt":{"rendered":"<p>YourParking Smart is our flagship smart parking blocker. You can operate it via mobile app or remote control, so you never have to leave the comfort of your car. It's designed for community use, so you can share it with others via the YourParking mobile app. For free or in exchange for money.<\/p>","protected":false},"featured_media":5667,"comment_status":"closed","ping_status":"closed","template":"","meta":{"_acf_changed":false},"product_brand":[147],"product_cat":[91,32],"product_tag":[],"class_list":{"0":"post-426","1":"product","2":"type-product","3":"status-publish","4":"has-post-thumbnail","6":"product_brand-yourparking","7":"product_cat-termekek","10":"first","11":"instock","12":"taxable","13":"shipping-taxable","14":"purchasable","15":"product-type-simple"},"acf":[],"_links":{"self":[{"href":"https:\/\/yourparking.hu\/en\/wp-json\/wp\/v2\/product\/426","targetHints":{"allow":["GET"]}}],"collection":[{"href":"https:\/\/yourparking.hu\/en\/wp-json\/wp\/v2\/product"}],"about":[{"href":"https:\/\/yourparking.hu\/en\/wp-json\/wp\/v2\/types\/product"}],"replies":[{"embeddable":true,"href":"https:\/\/yourparking.hu\/en\/wp-json\/wp\/v2\/comments?post=426"}],"wp:featuredmedia":[{"embeddable":true,"href":"https:\/\/yourparking.hu\/en\/wp-json\/wp\/v2\/media\/5667"}],"wp:attachment":[{"href":"https:\/\/yourparking.hu\/en\/wp-json\/wp\/v2\/media?parent=426"}],"wp:term":[{"taxonomy":"product_brand","embeddable":true,"href":"https:\/\/yourparking.hu\/en\/wp-json\/wp\/v2\/product_brand?post=426"},{"taxonomy":"product_cat","embeddable":true,"href":"https:\/\/yourparking.hu\/en\/wp-json\/wp\/v2\/product_cat?post=426"},{"taxonomy":"product_tag","embeddable":true,"href":"https:\/\/yourparking.hu\/en\/wp-json\/wp\/v2\/product_tag?post=426"}],"curies":[{"name":"wp","href":"https:\/\/api.w.org\/{rel}","templated":true}]}}