{"id":12,"date":"2024-05-28T16:53:10","date_gmt":"2024-05-28T16:53:10","guid":{"rendered":"https:\/\/yourparking.hu\/?page_id=12"},"modified":"2024-06-12T10:08:08","modified_gmt":"2024-06-12T10:08:08","slug":"kosar","status":"publish","type":"page","link":"https:\/\/yourparking.hu\/en\/kosar\/","title":{"rendered":"Kos\u00e1r"},"content":{"rendered":"<div data-elementor-type=\"wp-page\" data-elementor-id=\"12\" class=\"elementor elementor-12\" data-elementor-post-type=\"page\">\n\t\t\t\t<div class=\"elementor-element elementor-element-55e669f4 e-flex e-con-boxed e-con e-parent\" data-id=\"55e669f4\" data-element_type=\"container\">\n\t\t\t\t\t<div class=\"e-con-inner\">\n\t\t\t\t\t<\/div>\n\t\t\t\t<\/div>\n\t\t\t\t<\/div>","protected":false},"excerpt":{"rendered":"<p>T\u00e9tel t\u00f6rl\u00e9se B\u00e9lyegk\u00e9p Term\u00e9k \u00c1r Mennyis\u00e9g R\u00e9sz\u00f6sszeg &times; Smart parkol\u00e1sg\u00e1tl\u00f3 299 000&nbsp;&#70;&#116; Smart parkol\u00e1sg\u00e1tl\u00f3 mennyis\u00e9g 897 000&nbsp;&#70;&#116; &times; Smart parkol\u00e1sg\u00e1tl\u00f3 Napelemes kieg\u00e9sz\u00edt\u00e9s: 40 000&nbsp;&#070;&#116; 339 000&nbsp;&#70;&#116; Smart parkol\u00e1sg\u00e1tl\u00f3 mennyis\u00e9g 678 000&nbsp;&#70;&#116; &times; Smart parkol\u00e1sg\u00e1tl\u00f3 Letelep\u00edt\u00e9s: 25 000&nbsp;&#070;&#116; Napelemes kieg\u00e9sz\u00edt\u00e9s: 40 000&nbsp;&#070;&#116; 3+1 \u00e9v garancia: 50 000&nbsp;&#070;&#116; 3+2 \u00e9v garancia: 90 000&nbsp;&#070;&#116; T\u00e1vir\u00e1ny\u00edt\u00f3 modul: 8 000&nbsp;&#070;&#116; [&hellip;]<\/p>","protected":false},"author":1,"featured_media":0,"parent":0,"menu_order":0,"comment_status":"closed","ping_status":"closed","template":"","meta":{"_acf_changed":false,"footnotes":""},"class_list":["post-12","page","type-page","status-publish","hentry"],"acf":[],"_links":{"self":[{"href":"https:\/\/yourparking.hu\/en\/wp-json\/wp\/v2\/pages\/12","targetHints":{"allow":["GET"]}}],"collection":[{"href":"https:\/\/yourparking.hu\/en\/wp-json\/wp\/v2\/pages"}],"about":[{"href":"https:\/\/yourparking.hu\/en\/wp-json\/wp\/v2\/types\/page"}],"author":[{"embeddable":true,"href":"https:\/\/yourparking.hu\/en\/wp-json\/wp\/v2\/users\/1"}],"replies":[{"embeddable":true,"href":"https:\/\/yourparking.hu\/en\/wp-json\/wp\/v2\/comments?post=12"}],"version-history":[{"count":0,"href":"https:\/\/yourparking.hu\/en\/wp-json\/wp\/v2\/pages\/12\/revisions"}],"wp:attachment":[{"href":"https:\/\/yourparking.hu\/en\/wp-json\/wp\/v2\/media?parent=12"}],"curies":[{"name":"wp","href":"https:\/\/api.w.org\/{rel}","templated":true}]}}